{"id":98,"date":"2020-07-22T13:57:35","date_gmt":"2020-07-22T13:57:35","guid":{"rendered":"https:\/\/oriontelekom.hr\/wordpress\/?page_id=98"},"modified":"2020-07-23T06:29:29","modified_gmt":"2020-07-23T06:29:29","slug":"o-nama","status":"publish","type":"page","link":"https:\/\/gregorincic.com\/index.php\/o-nama\/","title":{"rendered":"O Nama"},"content":{"rendered":"\n<p class=\"has-text-color has-black-color\">Firma GREGORIN\u010cI\u0106 d.o.o. , osnovana je 1993. godine kao obrt za prijevoz robe u tuzemnom i me\u0111unarodnom prometu. Osnovao ju je sam vlasnik Josip Gregorin\u010di\u0107.<\/p>\n\n\n\n<p class=\"has-text-color has-black-color\">Od dana osnivanja do danas prerasla je u jednu uspje\u0161nu tvrtku koja uspje\u0161no i kvalitetno obavlja prijevoz robe a \u0161to pokazuju rezultati koji se odnose na dugogodi\u0161nje poslovne partnere gotovo od samog po\u010detka rada, kada je brojila 1 zaposlenog pa sve do danas kada je zaposleno 17 djelatnika.<\/p>\n\n\n\n<p class=\"has-text-color has-black-color\">Moto ove tvrtke je poslovna uspje\u0161nost koja se temelji na odgovornosti i ozbiljnosti, i nastojanjima udovoljavanja svih pa i najzahtjevnijih potreba svojih klijenata, kontinuiranim usavr\u0161avanjem usluga, kao i nadopunom voznog parka prema potrebama svojih poslovnih doma\u0107ih i ino partnera.<\/p>\n\n\n\n<p class=\"has-text-color has-black-color\">Strate\u0161ki cilj firme je prepoznati \u017eelje i o\u010dekivanja kupaca u zemlji i inozemstvu i brigom za njih ostvariti \u0161to bolje i kvalitetnije usluge prijevoza robe i tereta kako bi kupci bili sigurni da su dobili maksimalnu uslugu koja im je potrebna. Zato je firma uvijek otvorena prema novim inovacijama koje se provode na voznom parku za \u0161to bolje i kvalitetnije usluge prijevoze roba sa najvi\u0161im evropskim standardima.<\/p>\n\n\n\n<p class=\"has-text-color has-black-color\">Na to upu\u0107uje i konstantna dopuna voznog parka novim voznim jedinicama, kojima se gotovo svake godine zamjenjuju stare vozne jedinice koje vi\u0161e nisu adekvatne za prijevoz robe na evropskom tr\u017ei\u0161tu.<\/p>\n\n\n\n<p class=\"has-text-color has-black-color\">Obzirom da je tvrtka okrenuta prete\u017eno inozemnom tr\u017ei\u0161tu, bitno je da se kvaliteta i zahtjevi europskog tr\u017ei\u0161ta po\u0161tuju i da smo u tijeku i korak ispred zahtjeva na\u0161ih kupaca, \u0161to ne umanjuje \u017eelje doma\u0107ih kupaca, ve\u0107 tim vi\u0161e upu\u0107uje na ozbiljnost kojom se vodi firma ,a \u0161to pokazuje i dosada\u0161nje dugogodi\u0161nje uspje\u0161no poslovanje.<\/p>\n\n\n\n<p class=\"has-text-color has-black-color\">Firma posjeduje 12 voznih jedinica , od \u010dega su 6 jumbo vozila i 6 mega trailera, a uz to i jo\u0161 2 specijalna priklju\u010dna vozila, po svojim visinama, kako bi se \u0161to bolje pribli\u017eila \u017eeljama svojih kupaca. U mogu\u0107nosti smo prevoziti teret do visine 3,600 mm pod ceradom.<\/p>\n\n\n\n<p class=\"has-text-color has-black-color\">Cilj je firme da svim svojim kupcima pru\u017ei maksimalnu kvalitetu i kvantitetu svojih usluga a to upravo pokazuje brigom za nabavkom takvih i sli\u010dnih voznih jedinica.<\/p>\n","protected":false},"excerpt":{"rendered":"<p>Firma GREGORIN\u010cI\u0106 d.o.o. , osnovana je 1993. godine kao obrt za prijevoz robe u tuzemnom i me\u0111unarodnom prometu. Osnovao ju je sam vlasnik Josip Gregorin\u010di\u0107.&hellip;<\/p>\n","protected":false},"author":1,"featured_media":0,"parent":0,"menu_order":0,"comment_status":"closed","ping_status":"closed","template":"","meta":[],"_links":{"self":[{"href":"https:\/\/gregorincic.com\/index.php\/wp-json\/wp\/v2\/pages\/98"}],"collection":[{"href":"https:\/\/gregorincic.com\/index.php\/wp-json\/wp\/v2\/pages"}],"about":[{"href":"https:\/\/gregorincic.com\/index.php\/wp-json\/wp\/v2\/types\/page"}],"author":[{"embeddable":true,"href":"https:\/\/gregorincic.com\/index.php\/wp-json\/wp\/v2\/users\/1"}],"replies":[{"embeddable":true,"href":"https:\/\/gregorincic.com\/index.php\/wp-json\/wp\/v2\/comments?post=98"}],"version-history":[{"count":3,"href":"https:\/\/gregorincic.com\/index.php\/wp-json\/wp\/v2\/pages\/98\/revisions"}],"predecessor-version":[{"id":104,"href":"https:\/\/gregorincic.com\/index.php\/wp-json\/wp\/v2\/pages\/98\/revisions\/104"}],"wp:attachment":[{"href":"https:\/\/gregorincic.com\/index.php\/wp-json\/wp\/v2\/media?parent=98"}],"curies":[{"name":"wp","href":"https:\/\/api.w.org\/{rel}","templated":true}]}}