{"id":90,"date":"2020-07-22T13:20:13","date_gmt":"2020-07-22T13:20:13","guid":{"rendered":"https:\/\/oriontelekom.hr\/wordpress\/?page_id=90"},"modified":"2020-07-23T06:36:38","modified_gmt":"2020-07-23T06:36:38","slug":"home","status":"publish","type":"page","link":"https:\/\/gregorincic.com\/","title":{"rendered":"Home"},"content":{"rendered":"\n<h3>Dobrodo\u0161li na stranice tvrtke Gregorin\u010di\u0107 d.o.o.<\/h3>\n\n\n\n<p>&#8220;Poslovna uspje\u0161nost koja se temelji na odgovornosti i ozbiljnosti, i nastojanjima udovoljavanja<\/p>\n\n\n\n<p>svih pa i najzahtjevnijih potreba svojih klijenata, kontinuiranim usavr\u0161avanjem usluga,<\/p>\n\n\n\n<p>kao i nadopunom voznog parka prema potrebama svojih poslovnih doma\u0107ih i inozemnih partnera.&#8221;<\/p>\n","protected":false},"excerpt":{"rendered":"<p>Dobrodo\u0161li na stranice tvrtke Gregorin\u010di\u0107 d.o.o. &#8220;Poslovna uspje\u0161nost koja se temelji na odgovornosti i ozbiljnosti, i nastojanjima udovoljavanja svih pa i najzahtjevnijih potreba svojih klijenata,&hellip;<\/p>\n","protected":false},"author":1,"featured_media":0,"parent":0,"menu_order":0,"comment_status":"closed","ping_status":"closed","template":"","meta":[],"_links":{"self":[{"href":"https:\/\/gregorincic.com\/index.php\/wp-json\/wp\/v2\/pages\/90"}],"collection":[{"href":"https:\/\/gregorincic.com\/index.php\/wp-json\/wp\/v2\/pages"}],"about":[{"href":"https:\/\/gregorincic.com\/index.php\/wp-json\/wp\/v2\/types\/page"}],"author":[{"embeddable":true,"href":"https:\/\/gregorincic.com\/index.php\/wp-json\/wp\/v2\/users\/1"}],"replies":[{"embeddable":true,"href":"https:\/\/gregorincic.com\/index.php\/wp-json\/wp\/v2\/comments?post=90"}],"version-history":[{"count":4,"href":"https:\/\/gregorincic.com\/index.php\/wp-json\/wp\/v2\/pages\/90\/revisions"}],"predecessor-version":[{"id":117,"href":"https:\/\/gregorincic.com\/index.php\/wp-json\/wp\/v2\/pages\/90\/revisions\/117"}],"wp:attachment":[{"href":"https:\/\/gregorincic.com\/index.php\/wp-json\/wp\/v2\/media?parent=90"}],"curies":[{"name":"wp","href":"https:\/\/api.w.org\/{rel}","templated":true}]}}